{"id":822,"date":"2022-12-04T20:44:08","date_gmt":"2022-12-04T20:44:08","guid":{"rendered":"https:\/\/studio-drei.com\/?page_id=822"},"modified":"2022-12-04T22:01:36","modified_gmt":"2022-12-04T22:01:36","slug":"ueber-uns","status":"publish","type":"page","link":"https:\/\/studio-drei.com\/?page_id=822","title":{"rendered":"\u00dcber uns"},"content":{"rendered":"\n<div class=\"wp-block-media-text alignwide is-stacked-on-mobile is-vertically-aligned-top\" style=\"grid-template-columns:30% auto\"><figure class=\"wp-block-media-text__media\"><img loading=\"lazy\" decoding=\"async\" width=\"350\" height=\"350\" src=\"https:\/\/studio-drei.com\/wp-content\/uploads\/Jie_Lu_klein.jpg\" alt=\"\" class=\"wp-image-827 size-full\" srcset=\"https:\/\/studio-drei.com\/wp-content\/uploads\/Jie_Lu_klein.jpg 350w, https:\/\/studio-drei.com\/wp-content\/uploads\/Jie_Lu_klein-300x300.jpg 300w, https:\/\/studio-drei.com\/wp-content\/uploads\/Jie_Lu_klein-150x150.jpg 150w, https:\/\/studio-drei.com\/wp-content\/uploads\/Jie_Lu_klein-100x100.jpg 100w\" sizes=\"auto, (max-width: 350px) 100vw, 350px\" \/><\/figure><div class=\"wp-block-media-text__content\">\n<p><strong>Jie Lu <\/strong>wurde in Urumqi, China, geboren. Sie studierte Drehbuch und Regie in Beijing und erwarb im Anschluss ein Diplom mit dem Schwerpunkt Analoganimation an der Kunsthochschule f\u00fcr Medien K\u00f6ln. Ihre Pruduktionsfirma Studio DREI bringt seit 2011 kreative Ideen auf die Leinwand. Mit ihrem eigenen und mit von ihr produzierten Filmen ist sie regelm\u00e4ssig Gast auf internationalen Filmfestivals und wurde mehrfach ausgezeichnet. Es ist Ihr ein Anliegen, kulturelle Br\u00fccken zwischen China und Deutschland zu bauen und so ist sie vielgefragte Ansprechpartnerin f\u00fcr Filmschaffende aus beiden L\u00e4ndern. Kunden verlassen sich auch bei anspruchsvollsten Produktionen auf ihr Know-How und ihr internationales Netzwerk.&nbsp;<\/p>\n<\/div><\/div>\n\n\n\n<div class=\"wp-block-media-text alignwide is-stacked-on-mobile is-vertically-aligned-top\" style=\"grid-template-columns:30% auto\"><figure class=\"wp-block-media-text__media\"><img loading=\"lazy\" decoding=\"async\" width=\"350\" height=\"350\" src=\"https:\/\/studio-drei.com\/wp-content\/uploads\/Pauline_Flory_klein.jpg\" alt=\"\" class=\"wp-image-829 size-full\" srcset=\"https:\/\/studio-drei.com\/wp-content\/uploads\/Pauline_Flory_klein.jpg 350w, https:\/\/studio-drei.com\/wp-content\/uploads\/Pauline_Flory_klein-300x300.jpg 300w, https:\/\/studio-drei.com\/wp-content\/uploads\/Pauline_Flory_klein-150x150.jpg 150w, https:\/\/studio-drei.com\/wp-content\/uploads\/Pauline_Flory_klein-100x100.jpg 100w\" sizes=\"auto, (max-width: 350px) 100vw, 350px\" \/><\/figure><div class=\"wp-block-media-text__content\">\n<p><strong>Pauline Flory<\/strong>, geboren 1981 in Frankreich. 1999-2002 Studium an der \u00ab&nbsp;\u00c9cole de l&#8217;industrie et des arts graphiques Estienne&nbsp;\u00bb in Paris mit dem Schwerpunkt Kupferstich. 2002-2005 Kunststudium an der \u00ab&nbsp;Villa Arson&nbsp;\u00bb in Nizza. 2005-2011 Studium an der Kunsthochschule f\u00fcr Medien K\u00f6ln. Seit 2005 lebt und arbeitet sie als Animationsfilmmacherin und Medienk\u00fcnstlerin in K\u00f6ln. Ihre Arbeit besteht aus Zeichentrick, Puppentrick, Legetrick, Komputeranimation und Videoinstallationen sowie Videoperformances. Ihre Kurzfilme wurden bereits in zahlreichen Filmfestivals ausgezeichnet und von diversen Sender ausgestrahlt.<\/p>\n<\/div><\/div>\n\n\n\n<div class=\"wp-block-media-text alignwide is-stacked-on-mobile is-vertically-aligned-top\" style=\"grid-template-columns:30% auto\"><figure class=\"wp-block-media-text__media\"><img loading=\"lazy\" decoding=\"async\" width=\"350\" height=\"350\" src=\"https:\/\/studio-drei.com\/wp-content\/uploads\/Bao_Bilgeri_klein.jpg\" alt=\"\" class=\"wp-image-828 size-full\" srcset=\"https:\/\/studio-drei.com\/wp-content\/uploads\/Bao_Bilgeri_klein.jpg 350w, https:\/\/studio-drei.com\/wp-content\/uploads\/Bao_Bilgeri_klein-300x300.jpg 300w, https:\/\/studio-drei.com\/wp-content\/uploads\/Bao_Bilgeri_klein-150x150.jpg 150w, https:\/\/studio-drei.com\/wp-content\/uploads\/Bao_Bilgeri_klein-100x100.jpg 100w\" sizes=\"auto, (max-width: 350px) 100vw, 350px\" \/><\/figure><div class=\"wp-block-media-text__content\">\n<p><strong>Bao Bilgeri<\/strong> hat ihr Handwerk an der Central Academy of Fine Arts in Beijing und der Kunsthochschule Kassel erlernt. Als Spezialistin f\u00fcr 2D- und 3D-Animationen hat sie langj\u00e4hrige Erfahrungen sowohl in der Produktion von k\u00fcnstlerischen Trickfilmen als auch von Werbefilmen und Games. Sie ist eine starke Teamplayerin und bl\u00fcht erst so richtig auf, wenn Projekte besonders fordnernd werden. Neben ihrer T\u00e4tigkeit als Animatorin ist sie akademische Mitarbeiterin an der Filmuniversit\u00e4t Babelsberg KONRAD WOLF in Berlin.<\/p>\n<\/div><\/div>\n\n\n\n<p>&nbsp;<\/p>\n\n\n\n<p><\/p>\n\n\n\n<p><\/p>\n","protected":false},"excerpt":{"rendered":"<p>Jie Lu wurde in Urumqi, China, geboren. Sie studierte Drehbuch und Regie in Beijing und erwarb im Anschluss ein Diplom mit dem Schwerpunkt Analoganimation an der Kunsthochschule f\u00fcr Medien K\u00f6ln. Ihre Pruduktionsfirma Studio DREI bringt seit 2011 kreative Ideen auf die Leinwand. Mit ihrem eigenen und mit von ihr produzierten Filmen ist sie regelm\u00e4ssig Gast &hellip; <\/p>\n<p class=\"link-more\"><a href=\"https:\/\/studio-drei.com\/?page_id=822\" class=\"more-link\"><span class=\"screen-reader-text\">\u201e\u00dcber uns\u201c<\/span> weiterlesen<\/a><\/p>\n","protected":false},"author":1,"featured_media":0,"parent":0,"menu_order":0,"comment_status":"closed","ping_status":"closed","template":"","meta":{"footnotes":""},"class_list":["post-822","page","type-page","status-publish","hentry"],"_links":{"self":[{"href":"https:\/\/studio-drei.com\/index.php?rest_route=\/wp\/v2\/pages\/822","targetHints":{"allow":["GET"]}}],"collection":[{"href":"https:\/\/studio-drei.com\/index.php?rest_route=\/wp\/v2\/pages"}],"about":[{"href":"https:\/\/studio-drei.com\/index.php?rest_route=\/wp\/v2\/types\/page"}],"author":[{"embeddable":true,"href":"https:\/\/studio-drei.com\/index.php?rest_route=\/wp\/v2\/users\/1"}],"replies":[{"embeddable":true,"href":"https:\/\/studio-drei.com\/index.php?rest_route=%2Fwp%2Fv2%2Fcomments&post=822"}],"version-history":[{"count":4,"href":"https:\/\/studio-drei.com\/index.php?rest_route=\/wp\/v2\/pages\/822\/revisions"}],"predecessor-version":[{"id":839,"href":"https:\/\/studio-drei.com\/index.php?rest_route=\/wp\/v2\/pages\/822\/revisions\/839"}],"wp:attachment":[{"href":"https:\/\/studio-drei.com\/index.php?rest_route=%2Fwp%2Fv2%2Fmedia&parent=822"}],"curies":[{"name":"wp","href":"https:\/\/api.w.org\/{rel}","templated":true}]}}